{"id":1360,"date":"2025-07-16T14:18:07","date_gmt":"2025-07-16T12:18:07","guid":{"rendered":"https:\/\/www.lesbergesducele.com\/camping-activities-bagnac-sur-cele\/"},"modified":"2025-07-31T10:16:15","modified_gmt":"2025-07-31T08:16:15","slug":"camping-activities-bagnac-sur-cele","status":"publish","type":"page","link":"https:\/\/www.lesbergesducele.com\/en\/camping-activities-bagnac-sur-cele\/","title":{"rendered":"Entertainment"},"content":{"rendered":"\n<section class=\"wp-block-group alignfull home-intro page-intro has-background has-global-padding is-layout-constrained wp-container-core-group-is-layout-e4b4af6a wp-block-group-is-layout-constrained\" style=\"border-top-left-radius:50px;border-top-right-radius:50px;border-bottom-left-radius:0px;border-bottom-right-radius:0px;background-color:rgba(252,245,239,1);margin-top:0px;margin-right:0px;margin-bottom:0px;margin-left:0px;padding-top:var(--wp--preset--spacing--20);padding-right:0px;padding-bottom:var(--wp--preset--spacing--50);padding-left:0px\">\n<div class=\"wp-block-columns alignwide is-layout-flex wp-container-core-columns-is-layout-df002bbd wp-block-columns-is-layout-flex\" style=\"border-radius:0px;margin-top:var(--wp--preset--spacing--50);margin-bottom:0px;padding-top:0px;padding-right:0px;padding-bottom:0px;padding-left:0px\">\n<div class=\"wp-block-column is-vertically-aligned-start is-layout-flow wp-block-column-is-layout-flow\" style=\"flex-basis:50%\">\n<div class=\"wp-block-group has-global-padding is-content-justification-left is-layout-constrained wp-container-core-group-is-layout-197b12c0 wp-block-group-is-layout-constrained\" style=\"margin-top:0px;margin-right:0px;margin-bottom:0px;margin-left:0px\">\n<h1 class=\"wp-block-heading has-text-align-left has-minison-font-family has-text-color\" style=\"color:rgba(6,5,94,1);margin-top:0px;margin-right:0px;margin-bottom:0px;margin-left:0px;font-size:clamp(39.623px, 2.476rem + ((1vw - 3.2px) * 2.811), 74.2px);font-style:normal;font-weight:400;line-height:1.0\">Camping with entertainment in the Lot<\/h1>\n<\/div>\n<\/div>\n\n\n\n<div class=\"wp-block-column is-vertically-aligned-center is-layout-flow wp-block-column-is-layout-flow\" style=\"flex-basis:50%\">\n<div class=\"wp-block-group is-horizontal is-content-justification-center is-nowrap is-layout-flex wp-container-core-group-is-layout-f8ff1399 wp-block-group-is-layout-flex\" style=\"border-radius:0px;margin-top:0px;margin-right:0px;margin-bottom:0px;margin-left:0px;padding-top:0px;padding-right:0px;padding-bottom:0px;padding-left:0px\">\n<div class=\"wp-block-group group-paragraph has-global-padding is-content-justification-left is-layout-constrained wp-container-core-group-is-layout-6a9def6a wp-block-group-is-layout-constrained\" style=\"margin-top:0px;margin-right:0px;margin-bottom:0px;margin-left:0px\">\n<p class=\"has-text-align-left has-text-color has-outreque-light-font-family\" style=\"color:rgba(98,91,113,1);margin-top:0px;margin-right:0px;margin-bottom:0px;margin-left:0px;font-size:clamp(14px, 0.875rem + ((1vw - 3.2px) * 0.244), 17px);font-style:normal;font-weight:300;line-height:1.9\">For a <strong>lively vacation<\/strong>, our campsite with entertainment in the Lot offers a simple, warm and accessible summer program. There&#8217;s no showboating here, just a convivial atmosphere designed to bring young and old together in a relaxed setting.   <\/p>\n\n\n\n<p class=\"has-text-align-left has-text-color has-outreque-light-font-family\" style=\"color:rgba(98,91,113,1);margin-top:0px;margin-right:0px;margin-bottom:0px;margin-left:0px;font-size:clamp(14px, 0.875rem + ((1vw - 3.2px) * 0.244), 17px);font-style:normal;font-weight:300;line-height:1.9\">Our <a href=\"https:\/\/www.lesbergesducele.com\/en\/\">campsite near Figeac<\/a> focuses on <strong>local activities<\/strong> in keeping with the spirit of the place: nature, encounters, relaxation and good humor. Whether you&#8217;re a sportsman, a gamer or a gourmet, you&#8217;ll find plenty to punctuate your stay with simple, <strong>communal moments<\/strong>. <\/p>\n<\/div>\n<\/div>\n<\/div>\n<\/div>\n<\/section>\n\n<section class=\"wp-block-group section-services page-two has-custom-color-5-background-color has-background is-layout-flow wp-block-group-is-layout-flow\" style=\"border-top-left-radius:50px;border-top-right-radius:50px;padding-top:var(--wp--preset--spacing--50);padding-bottom:var(--wp--preset--spacing--60)\">\n<div class=\"wp-block-columns alignwide is-layout-flex wp-container-core-columns-is-layout-beebde9b wp-block-columns-is-layout-flex\" style=\"border-radius:0px;margin-top:0px;margin-right:0px;margin-bottom:0px;margin-left:0px;padding-top:0px;padding-right:0px;padding-bottom:0px;padding-left:0px\">\n<div class=\"wp-block-column is-vertically-aligned-center left is-layout-flow wp-block-column-is-layout-flow\" style=\"flex-basis:50%\">\n<div data-swiper=\"{&quot;speed&quot;:1000,&quot;autoplay&quot;:{&quot;delay&quot;:5000,&quot;disableOnInteraction&quot;:false},&quot;spaceBetween&quot;:0,&quot;slidesPerView&quot;:1,&quot;pagination&quot;:{&quot;el&quot;:&quot;.swiper-pagination&quot;,&quot;dynamicBullets&quot;:true,&quot;clickable&quot;:true,&quot;type&quot;:&quot;bullets&quot;},&quot;navigation&quot;:{&quot;nextEl&quot;:&quot;.swiper-button-next&quot;,&quot;prevEl&quot;:&quot;.swiper-button-prev&quot;},&quot;breakpoints&quot;:[{&quot;slidesPerView&quot;:1}]}\" class=\"wp-block-cover alignwide has-custom-content-position is-position-top-center blob-image\" style=\"border-top-right-radius:25px;border-bottom-right-radius:25px;min-height:850px;aspect-ratio:unset;\"><img loading=\"lazy\" decoding=\"async\" width=\"936\" height=\"850\" class=\"wp-block-cover__image-background wp-image-326 size-full\" alt=\"animations du c\u00e9l\u00e9\" src=\"https:\/\/www.lesbergesducele.com\/wp-content\/uploads\/sites\/3\/2025\/07\/animations-du-cele.jpg\" data-object-fit=\"cover\" srcset=\"https:\/\/www.lesbergesducele.com\/wp-content\/uploads\/sites\/3\/2025\/07\/animations-du-cele.jpg 936w, https:\/\/www.lesbergesducele.com\/wp-content\/uploads\/sites\/3\/2025\/07\/animations-du-cele-300x272.jpg 300w, https:\/\/www.lesbergesducele.com\/wp-content\/uploads\/sites\/3\/2025\/07\/animations-du-cele-768x697.jpg 768w\" sizes=\"auto, (max-width: 936px) 100vw, 936px\" \/><span aria-hidden=\"true\" class=\"wp-block-cover__background has-background-dim-0 has-background-dim\" style=\"background-color:#7d7748\"><\/span><div class=\"wp-block-cover__inner-container is-layout-flow wp-block-cover-is-layout-flow\">\n<p class=\"has-text-align-center has-large-font-size\"><\/p>\n<\/div><\/div>\n<\/div>\n\n\n\n<div class=\"wp-block-column is-vertically-aligned-center is-layout-flow wp-block-column-is-layout-flow\" style=\"padding-right:var(--wp--preset--spacing--60);padding-left:var(--wp--preset--spacing--50);flex-basis:50%\">\n<div class=\"wp-block-group is-layout-flow wp-block-group-is-layout-flow\" style=\"margin-top:0px;margin-right:0px;margin-bottom:0px;margin-left:0px\">\n<h2 class=\"wp-block-heading has-text-align-left has-minison-font-family has-text-color\" style=\"color:rgba(252,245,239,1);margin-top:0px;margin-right:0px;margin-bottom:40px;margin-left:0px;font-size:clamp(34.624px, 2.164rem + ((1vw - 3.2px) * 2.283), 62.7px);font-style:normal;font-weight:400;line-height:1.1\">Sports competitions and family entertainment at the campsite near Figeac<\/h2>\n<\/div>\n\n\n\n<div class=\"wp-block-group group-paragraph is-layout-flow wp-block-group-is-layout-flow\" style=\"margin-top:0px;margin-right:0px;margin-bottom:0px;margin-left:0px\">\n<p class=\"has-text-align-left has-custom-color-6-color has-text-color has-link-color wp-elements-8766ef99a38563f063cd70f4c4c61477\">Throughout the week, there&#8217;s plenty of <strong>family<\/strong> and sporting <strong>activities<\/strong> to bond and have fun with your fellow campers.  <\/p>\n\n\n\n<p class=\"has-text-align-left has-custom-color-6-color has-text-color has-link-color wp-elements-df05fcd1bc3d0e0479dd32221bc65cab\">Ping-pong or petanque tournaments, mini foosball competitions, team challenges&#8230; all opportunities to <strong>share a<\/strong> relaxed, <strong>convivial moment<\/strong>.  <\/p>\n\n\n\n<p class=\"has-text-align-left has-custom-color-6-color has-text-color has-link-color wp-elements-5b2fad3686a811df28b1c1b894b227b3\">The nearby <strong>multisport pitch <\/strong>is also ideal for soccer or badminton matches. These light-hearted activities are much appreciated by our guests, whether children, teenagers or adults. When you choose a campsite with entertainment near Figeac, you&#8217;re opting for a perfect balance between calm and dynamism, with no pressure and no obligation to participate. It&#8217;s all about having fun, meeting new people and laughing together.   <\/p>\n<\/div>\n<\/div>\n<\/div>\n<\/section>\n\n<section class=\"wp-block-group section-services page-two reverse has-custom-color-6-background-color has-background is-layout-flow wp-block-group-is-layout-flow\" style=\"border-top-left-radius:50px;border-top-right-radius:50px;padding-top:var(--wp--preset--spacing--50);padding-bottom:var(--wp--preset--spacing--60)\">\n<div class=\"wp-block-columns alignwide is-layout-flex wp-container-core-columns-is-layout-beebde9b wp-block-columns-is-layout-flex\" style=\"border-radius:0px;margin-top:0px;margin-right:0px;margin-bottom:0px;margin-left:0px;padding-top:0px;padding-right:0px;padding-bottom:0px;padding-left:0px\">\n<div class=\"wp-block-column is-vertically-aligned-center is-layout-flow wp-block-column-is-layout-flow\" style=\"padding-right:var(--wp--preset--spacing--60);padding-left:var(--wp--preset--spacing--50);flex-basis:50%\">\n<div class=\"wp-block-group is-layout-flow wp-block-group-is-layout-flow\" style=\"margin-top:0px;margin-right:0px;margin-bottom:0px;margin-left:0px\">\n<h2 class=\"wp-block-heading has-text-align-left has-minison-font-family has-custom-color-1-color has-text-color\" style=\"margin-top:0px;margin-right:0px;margin-bottom:40px;margin-left:0px;font-size:clamp(34.624px, 2.164rem + ((1vw - 3.2px) * 2.283), 62.7px);font-style:normal;font-weight:400;line-height:1.1\">Lively evenings to liven up your summer in the Lot<\/h2>\n<\/div>\n\n\n\n<div class=\"wp-block-group group-paragraph is-layout-flow wp-block-group-is-layout-flow\" style=\"margin-top:0px;margin-right:0px;margin-bottom:0px;margin-left:0px\">\n<p class=\"has-text-align-left has-text-color has-outreque-light-font-family\" style=\"color:rgba(98,91,113,1);margin-top:0px;margin-right:0px;margin-bottom:0px;margin-left:0px;font-size:clamp(14px, 0.875rem + ((1vw - 3.2px) * 0.244), 17px);font-style:normal;font-weight:300;line-height:1.9\">When the sun starts to set, it&#8217;s time for a <strong>lively evening<\/strong>!  <\/p>\n\n\n\n<p class=\"has-text-align-left has-text-color has-outreque-light-font-family\" style=\"color:rgba(98,91,113,1);margin-top:0px;margin-right:0px;margin-bottom:0px;margin-left:0px;font-size:clamp(14px, 0.875rem + ((1vw - 3.2px) * 0.244), 17px);font-style:normal;font-weight:300;line-height:1.9\">In high season, we regularly organize <strong>themed meals<\/strong> (moules-frites, fish &amp; chips, paella&#8230;), <strong>musical or dance evenings<\/strong>, and sometimes even surprise entertainment such as quizzes or karaoke. These festive moments take place in a relaxed, family atmosphere, where everyone is free to participate at their own pace. It&#8217;s an opportunity to extend the day in good company, over a good meal or a drink at the snack bar.    <\/p>\n\n\n\n<p class=\"has-text-align-left has-text-color has-outreque-light-font-family\" style=\"color:rgba(98,91,113,1);margin-top:0px;margin-right:0px;margin-bottom:0px;margin-left:0px;font-size:clamp(14px, 0.875rem + ((1vw - 3.2px) * 0.244), 17px);font-style:normal;font-weight:300;line-height:1.9\">Staying at a campsite with entertainment in the Lot means enjoying a vacation where sharing and simplicity take on their full meaning, in a soothing natural setting.<\/p>\n<\/div>\n<\/div>\n\n\n\n<div class=\"wp-block-column is-vertically-aligned-center left is-layout-flow wp-block-column-is-layout-flow\" style=\"flex-basis:50%\">\n<div data-swiper=\"{&quot;speed&quot;:1000,&quot;autoplay&quot;:{&quot;delay&quot;:5000,&quot;disableOnInteraction&quot;:false},&quot;spaceBetween&quot;:0,&quot;slidesPerView&quot;:1,&quot;pagination&quot;:{&quot;el&quot;:&quot;.swiper-pagination&quot;,&quot;dynamicBullets&quot;:true,&quot;clickable&quot;:true,&quot;type&quot;:&quot;bullets&quot;},&quot;navigation&quot;:{&quot;nextEl&quot;:&quot;.swiper-button-next&quot;,&quot;prevEl&quot;:&quot;.swiper-button-prev&quot;},&quot;breakpoints&quot;:[{&quot;slidesPerView&quot;:1}]}\" class=\"wp-block-cover alignwide is-light has-custom-content-position is-position-top-center blob-image\" style=\"border-top-left-radius:50px;border-top-right-radius:0px;border-bottom-left-radius:50px;border-bottom-right-radius:0px;min-height:850px;aspect-ratio:unset;\"><img loading=\"lazy\" decoding=\"async\" width=\"2000\" height=\"1500\" class=\"wp-block-cover__image-background wp-image-356 size-full\" alt=\"soir\u00e9es a th\u00e8me repas a th\u00e8mes\" src=\"http:\/\/www.lesbergesducele.com\/wp-content\/uploads\/sites\/3\/2025\/07\/soirees-a-theme-repas-a-themes.jpg\" data-object-fit=\"cover\" srcset=\"https:\/\/www.lesbergesducele.com\/wp-content\/uploads\/sites\/3\/2025\/07\/soirees-a-theme-repas-a-themes.jpg 2000w, https:\/\/www.lesbergesducele.com\/wp-content\/uploads\/sites\/3\/2025\/07\/soirees-a-theme-repas-a-themes-300x225.jpg 300w, https:\/\/www.lesbergesducele.com\/wp-content\/uploads\/sites\/3\/2025\/07\/soirees-a-theme-repas-a-themes-1024x768.jpg 1024w, https:\/\/www.lesbergesducele.com\/wp-content\/uploads\/sites\/3\/2025\/07\/soirees-a-theme-repas-a-themes-768x576.jpg 768w, https:\/\/www.lesbergesducele.com\/wp-content\/uploads\/sites\/3\/2025\/07\/soirees-a-theme-repas-a-themes-1536x1152.jpg 1536w\" sizes=\"auto, (max-width: 2000px) 100vw, 2000px\" \/><span aria-hidden=\"true\" class=\"wp-block-cover__background has-background-dim-0 has-background-dim\" style=\"background-color:#67ad4a\"><\/span><div class=\"wp-block-cover__inner-container is-layout-flow wp-block-cover-is-layout-flow\">\n<p class=\"has-text-align-center has-large-font-size\"><\/p>\n<\/div><\/div>\n<\/div>\n<\/div>\n<\/section>\n\n<section class=\"wp-block-group page-maillage has-global-padding is-layout-constrained wp-block-group-is-layout-constrained\" style=\"padding-bottom:10rem\">\n<p class=\"has-text-align-center title-maillage-block has-custom-color-1-color has-text-color has-link-color has-minison-font-family wp-elements-70b8b503117369a1234753c2081abca2\" style=\"font-size:clamp(26.465px, 1.654rem + ((1vw - 3.2px) * 1.507), 45px);\">Enjoy the swimming pool and the river banks<\/p>\n\n\n\n<div data-wp-context=\"{}\" data-wp-interactive=\"core\/query\" data-wp-key=\"0\" data-wp-router-region=\"query-0\" class=\"wp-block-query alignwide gt-fse-maillage-query is-layout-flow wp-block-query-is-layout-flow\"><ul class=\"columns-3 wp-block-post-template is-layout-grid wp-container-core-post-template-is-layout-6d3fbd8f wp-block-post-template-is-layout-grid\"><li data-wp-key=\"post-template-item-1406\" class=\"wp-block-post post-1406 page type-page status-publish has-post-thumbnail hentry\">\n\n<figure class=\"wp-block-image\"><img decoding=\"async\" src=\"http:\/\/www.lesbergesducele.com\/wp-content\/uploads\/sites\/3\/2025\/07\/emplacement-camping-au-bord-de-la-riviere_upscayl_2x_ultramix_balanced.jpg\" alt=\"riverside camping site\" style=\"aspect-ratio:1;object-fit:cover\"\/><\/figure>\n\n\n<p class=\"has-text-align-center has-custom-color-1-color has-text-color has-link-color has-minison-font-family has-large-font-size wp-elements-0f2f808560b7ba6d35944e6d7c0d92b2\">Pitches<\/p>\n\n<a class=\"is-style-lien-cover wp-block-read-more\" href=\"https:\/\/www.lesbergesducele.com\/en\/pitch-rental-bagnac-sur-cele\/\" target=\"_self\">Read more<span class=\"screen-reader-text\">: Pitches<\/span><\/a>\n<\/li><li data-wp-key=\"post-template-item-1402\" class=\"wp-block-post post-1402 page type-page status-publish has-post-thumbnail hentry\">\n\n<figure class=\"wp-block-image\"><img decoding=\"async\" src=\"https:\/\/www.lesbergesducele.com\/wp-content\/uploads\/sites\/3\/2025\/07\/piscine-camping.jpg\" alt=\"child in the pool\" style=\"aspect-ratio:1;object-fit:cover\"\/><\/figure>\n\n\n<p class=\"has-text-align-center has-custom-color-1-color has-text-color has-link-color has-minison-font-family has-large-font-size wp-elements-0f2f808560b7ba6d35944e6d7c0d92b2\">Swimming pool<\/p>\n\n<a class=\"is-style-lien-cover wp-block-read-more\" href=\"https:\/\/www.lesbergesducele.com\/en\/camping-outdoor-pool-bagnac-sur-cele\/\" target=\"_self\">Read more<span class=\"screen-reader-text\">: The swimming pool<\/span><\/a>\n<\/li><li data-wp-key=\"post-template-item-1400\" class=\"wp-block-post post-1400 page type-page status-publish has-post-thumbnail hentry\">\n\n<figure class=\"wp-block-image\"><img decoding=\"async\" src=\"https:\/\/www.lesbergesducele.com\/wp-content\/uploads\/sites\/3\/2025\/07\/cele.jpg\" alt=\"river cele\" style=\"aspect-ratio:1;object-fit:cover\"\/><\/figure>\n\n\n<p class=\"has-text-align-center has-custom-color-1-color has-text-color has-link-color has-minison-font-family has-large-font-size wp-elements-0f2f808560b7ba6d35944e6d7c0d92b2\">Riverside<\/p>\n\n<a class=\"is-style-lien-cover wp-block-read-more\" href=\"https:\/\/www.lesbergesducele.com\/en\/riverside-camping-bagnac-sur-cele\/\" target=\"_self\">Read more<span class=\"screen-reader-text\">: The river<\/span><\/a>\n<\/li><\/ul><\/div>\n<\/section>\n","protected":false},"excerpt":{"rendered":"<p>Camping with entertainment in the Lot For a lively vacation, our campsite with entertainment in the Lot offers a simple, warm and accessible summer program. There&#8217;s no showboating here, just a convivial atmosphere designed to bring young and old together in a relaxed setting. Our campsite near Figeac focuses on local activities in keeping with [&hellip;]<\/p>\n","protected":false},"author":1,"featured_media":360,"parent":0,"menu_order":0,"comment_status":"closed","ping_status":"closed","template":"","meta":{"_acf_changed":false,"_seopress_robots_primary_cat":"","_seopress_titles_title":"Camping with entertainment in the Lot | Evenings near Figeac (46)","_seopress_titles_desc":"Enjoy dynamic, friendly vacations at a campsite with entertainment near Figeac. Activities for all: sport, relaxation and festive evenings! ","_seopress_robots_index":"","_gt_ctv_global_id":"","_gt_ctv_id_group":false,"inline_featured_image":false,"gt_fse_maillage_image":"http:\/\/www.lesbergesducele.com\/wp-content\/uploads\/sites\/3\/2025\/07\/animations-du-camping.jpg","gt_fse_maillage_titre":"Entertainment","gt_fse_maillage_alt":"campsite entertainment","gt_fse_maillage_resume":"","footnotes":""},"categories":[],"tags":[],"class_list":["post-1360","page","type-page","status-publish","has-post-thumbnail","hentry"],"acf":[],"_links":{"self":[{"href":"https:\/\/www.lesbergesducele.com\/en\/wp-json\/wp\/v2\/pages\/1360","targetHints":{"allow":["GET"]}}],"collection":[{"href":"https:\/\/www.lesbergesducele.com\/en\/wp-json\/wp\/v2\/pages"}],"about":[{"href":"https:\/\/www.lesbergesducele.com\/en\/wp-json\/wp\/v2\/types\/page"}],"author":[{"embeddable":true,"href":"https:\/\/www.lesbergesducele.com\/en\/wp-json\/wp\/v2\/users\/1"}],"replies":[{"embeddable":true,"href":"https:\/\/www.lesbergesducele.com\/en\/wp-json\/wp\/v2\/comments?post=1360"}],"version-history":[{"count":1,"href":"https:\/\/www.lesbergesducele.com\/en\/wp-json\/wp\/v2\/pages\/1360\/revisions"}],"predecessor-version":[{"id":1361,"href":"https:\/\/www.lesbergesducele.com\/en\/wp-json\/wp\/v2\/pages\/1360\/revisions\/1361"}],"wp:featuredmedia":[{"embeddable":true,"href":"https:\/\/www.lesbergesducele.com\/en\/wp-json\/wp\/v2\/media\/360"}],"wp:attachment":[{"href":"https:\/\/www.lesbergesducele.com\/en\/wp-json\/wp\/v2\/media?parent=1360"}],"wp:term":[{"taxonomy":"category","embeddable":true,"href":"https:\/\/www.lesbergesducele.com\/en\/wp-json\/wp\/v2\/categories?post=1360"},{"taxonomy":"post_tag","embeddable":true,"href":"https:\/\/www.lesbergesducele.com\/en\/wp-json\/wp\/v2\/tags?post=1360"}],"curies":[{"name":"wp","href":"https:\/\/api.w.org\/{rel}","templated":true}]}}