{"id":1400,"date":"2025-07-16T14:18:22","date_gmt":"2025-07-16T12:18:22","guid":{"rendered":"https:\/\/www.lesbergesducele.com\/riverside-camping-bagnac-sur-cele\/"},"modified":"2025-07-31T17:05:30","modified_gmt":"2025-07-31T15:05:30","slug":"riverside-camping-bagnac-sur-cele","status":"publish","type":"page","link":"https:\/\/www.lesbergesducele.com\/en\/riverside-camping-bagnac-sur-cele\/","title":{"rendered":"The river"},"content":{"rendered":"\n<section class=\"wp-block-group alignfull home-intro page-intro has-background has-global-padding is-layout-constrained wp-container-core-group-is-layout-e4b4af6a wp-block-group-is-layout-constrained\" style=\"border-top-left-radius:50px;border-top-right-radius:50px;border-bottom-left-radius:0px;border-bottom-right-radius:0px;background-color:rgba(252,245,239,1);margin-top:0px;margin-right:0px;margin-bottom:0px;margin-left:0px;padding-top:var(--wp--preset--spacing--20);padding-right:0px;padding-bottom:var(--wp--preset--spacing--50);padding-left:0px\">\n<div class=\"wp-block-columns alignwide is-layout-flex wp-container-core-columns-is-layout-df002bbd wp-block-columns-is-layout-flex\" style=\"border-radius:0px;margin-top:var(--wp--preset--spacing--50);margin-bottom:0px;padding-top:0px;padding-right:0px;padding-bottom:0px;padding-left:0px\">\n<div class=\"wp-block-column is-vertically-aligned-start is-layout-flow wp-block-column-is-layout-flow\" style=\"flex-basis:50%\">\n<div class=\"wp-block-group has-global-padding is-content-justification-left is-layout-constrained wp-container-core-group-is-layout-197b12c0 wp-block-group-is-layout-constrained\" style=\"margin-top:0px;margin-right:0px;margin-bottom:0px;margin-left:0px\">\n<h1 class=\"wp-block-heading has-text-align-left has-minison-font-family has-text-color\" style=\"color:rgba(6,5,94,1);margin-top:0px;margin-right:0px;margin-bottom:0px;margin-left:0px;font-size:clamp(39.623px, 2.476rem + ((1vw - 3.2px) * 2.811), 74.2px);font-style:normal;font-weight:400;line-height:1.0\">River-side camping in the Lot<\/h1>\n<\/div>\n<\/div>\n\n\n\n<div class=\"wp-block-column is-vertically-aligned-center is-layout-flow wp-block-column-is-layout-flow\" style=\"flex-basis:50%\">\n<div class=\"wp-block-group is-horizontal is-content-justification-center is-nowrap is-layout-flex wp-container-core-group-is-layout-f8ff1399 wp-block-group-is-layout-flex\" style=\"border-radius:0px;margin-top:0px;margin-right:0px;margin-bottom:0px;margin-left:0px;padding-top:0px;padding-right:0px;padding-bottom:0px;padding-left:0px\">\n<div class=\"wp-block-group group-paragraph has-global-padding is-content-justification-left is-layout-constrained wp-container-core-group-is-layout-6a9def6a wp-block-group-is-layout-constrained\" style=\"margin-top:0px;margin-right:0px;margin-bottom:0px;margin-left:0px\">\n<p class=\"has-text-align-left has-text-color has-outreque-light-font-family\" style=\"color:rgba(98,91,113,1);margin-top:0px;margin-right:0px;margin-bottom:0px;margin-left:0px;font-size:clamp(14px, 0.875rem + ((1vw - 3.2px) * 0.244), 17px);font-style:normal;font-weight:300;line-height:1.9\">Les Berges du C\u00e9l\u00e9 campsite is first and foremost a privileged location for lovers of nature and fresh air. Located on <strong>the banks of a river in the Lot department<\/strong>, it benefits from <strong>direct access to the C\u00e9l\u00e9<\/strong>, a peaceful river renowned for the quality of its water. Here, there&#8217;s no need to take the car for a dip or a breath of fresh air: the adventure begins at the foot of your pitch. Whether you&#8217;re a family, a couple or a group of friends, you&#8217;ll appreciate this immediate proximity to the water, ideal for cooling off, having fun or simply relaxing in the current.   <\/p>\n\n\n\n<p class=\"has-text-align-left has-text-color has-outreque-light-font-family\" style=\"color:rgba(98,91,113,1);margin-top:0px;margin-right:0px;margin-bottom:0px;margin-left:0px;font-size:clamp(14px, 0.875rem + ((1vw - 3.2px) * 0.244), 17px);font-style:normal;font-weight:300;line-height:1.9\">For green vacations with <strong>your feet in the water<\/strong>, our riverside campsite near Figeac offers an exceptional natural setting.<\/p>\n<\/div>\n<\/div>\n<\/div>\n<\/div>\n<\/section>\n\n<section class=\"wp-block-group alignfull section-riviere has-background is-layout-flow wp-container-core-group-is-layout-b27904b2 wp-block-group-is-layout-flow\" style=\"border-top-left-radius:0px;border-top-right-radius:0px;border-bottom-left-radius:0px;border-bottom-right-radius:0px;background-color:rgba(252,245,239,1);margin-top:0px;margin-right:0px;margin-bottom:0px;margin-left:0px;padding-top:0px;padding-right:0px;padding-bottom:6px;padding-left:0px\">\n<div data-swiper=\"{&quot;speed&quot;:1000,&quot;autoplay&quot;:{&quot;delay&quot;:5000,&quot;disableOnInteraction&quot;:false},&quot;spaceBetween&quot;:0,&quot;slidesPerView&quot;:1,&quot;pagination&quot;:{&quot;el&quot;:&quot;.swiper-pagination&quot;,&quot;dynamicBullets&quot;:true,&quot;clickable&quot;:true,&quot;type&quot;:&quot;bullets&quot;},&quot;navigation&quot;:{&quot;nextEl&quot;:&quot;.swiper-button-next&quot;,&quot;prevEl&quot;:&quot;.swiper-button-prev&quot;},&quot;breakpoints&quot;:[{&quot;slidesPerView&quot;:1}]}\" class=\"wp-block-cover alignfull has-custom-content-position is-position-bottom-center blob-image\" style=\"border-top-left-radius:50px;border-top-right-radius:50px;min-height:110vh;aspect-ratio:unset;\"><img loading=\"lazy\" decoding=\"async\" width=\"2409\" height=\"1350\" class=\"wp-block-cover__image-background wp-image-299 size-full\" alt=\"bord de la rivi\u00e8re\" src=\"https:\/\/www.lesbergesducele.com\/wp-content\/uploads\/sites\/3\/2025\/07\/bord-de-la-riviere.jpg\" data-object-fit=\"cover\" srcset=\"https:\/\/www.lesbergesducele.com\/wp-content\/uploads\/sites\/3\/2025\/07\/bord-de-la-riviere.jpg 2409w, https:\/\/www.lesbergesducele.com\/wp-content\/uploads\/sites\/3\/2025\/07\/bord-de-la-riviere-300x168.jpg 300w, https:\/\/www.lesbergesducele.com\/wp-content\/uploads\/sites\/3\/2025\/07\/bord-de-la-riviere-1024x574.jpg 1024w, https:\/\/www.lesbergesducele.com\/wp-content\/uploads\/sites\/3\/2025\/07\/bord-de-la-riviere-768x430.jpg 768w, https:\/\/www.lesbergesducele.com\/wp-content\/uploads\/sites\/3\/2025\/07\/bord-de-la-riviere-1536x861.jpg 1536w, https:\/\/www.lesbergesducele.com\/wp-content\/uploads\/sites\/3\/2025\/07\/bord-de-la-riviere-2048x1148.jpg 2048w\" sizes=\"auto, (max-width: 2409px) 100vw, 2409px\" \/><span aria-hidden=\"true\" class=\"wp-block-cover__background has-contrast-background-color has-background-dim-70 has-background-dim\"><\/span><div class=\"wp-block-cover__inner-container is-layout-flow wp-block-cover-is-layout-flow\">\n<div class=\"wp-block-columns alignwide is-layout-flex wp-container-core-columns-is-layout-1177095f wp-block-columns-is-layout-flex\" style=\"border-radius:0px;margin-top:0px;margin-right:0px;margin-bottom:0px;margin-left:0px;padding-top:0px;padding-right:0px;padding-bottom:var(--wp--preset--spacing--60);padding-left:0px\">\n<div class=\"wp-block-column is-vertically-aligned-end is-layout-flow wp-block-column-is-layout-flow\" style=\"flex-basis:50%\"><\/div>\n\n\n\n<div class=\"wp-block-column is-vertically-aligned-center is-layout-flow wp-block-column-is-layout-flow\" style=\"padding-right:var(--wp--preset--spacing--50);flex-basis:50%\">\n<div class=\"wp-block-group is-layout-flow wp-block-group-is-layout-flow\" style=\"margin-top:0px;margin-right:0px;margin-bottom:0px;margin-left:0px\">\n<h2 class=\"wp-block-heading has-text-align-left text-nowrap has-outreque-black-font-family has-text-color\" style=\"color:rgba(252,245,239,1);margin-top:0px;margin-right:0px;margin-bottom:0px;margin-left:0px;padding-bottom:var(--wp--preset--spacing--20);font-size:clamp(19.481px, 1.218rem + ((1vw - 3.2px) * 0.937), 31px);font-style:normal;font-weight:900;line-height:1.1;text-transform:none\">Direct access to the river from the campsite  <\/h2>\n<\/div>\n\n\n\n<div class=\"wp-block-group group-paragraph is-layout-flow wp-block-group-is-layout-flow\" style=\"margin-top:0px;margin-right:0px;margin-bottom:0px;margin-left:0px\">\n<p class=\"has-text-align-left full-width has-text-color has-outreque-medium-font-family\" style=\"color:rgba(255,255,255,1);margin-top:0px;margin-right:0px;margin-bottom:0px;margin-left:0px;font-size:clamp(14px, 0.875rem + ((1vw - 3.2px) * 0.244), 17px);line-height:1.9\">The <strong>C\u00e9l\u00e9<\/strong> is a river in the south of France, flowing through the Cantal and Lot departments in the Occitanie and Auvergne-Rh\u00f4ne-Alpes regions. A right-bank tributary of the Lot, and therefore a sub-tributary of the Garonne, the C\u00e9l\u00e9 is the <strong>Lot&#8217;s second-largest tributary<\/strong> after the Truy\u00e8re.   <\/p>\n\n\n\n<p>From our <a href=\"https:\/\/www.lesbergesducele.com\/en\/\" data-type=\"page\" data-id=\"7\">campsite near Figeac<\/a>, you have free access to the river for <strong>swimming<\/strong>, <strong>playing<\/strong> or <strong>relaxing<\/strong>. On the C\u00e9l\u00e9, you can enjoy water renowned for its quality.   <\/p>\n\n\n\n<p class=\"has-text-align-left full-width has-text-color has-outreque-medium-font-family\" style=\"color:rgba(255,255,255,1);margin-top:0px;margin-right:0px;margin-bottom:0px;margin-left:0px;font-size:clamp(14px, 0.875rem + ((1vw - 3.2px) * 0.244), 17px);line-height:1.9\">In summer, although swimming is not supervised, it is <strong>permitted<\/strong> and very popular with families.<strong> Children<\/strong> love to throw pebbles, build small dams or simply cool off. The C\u00e9l\u00e9, <strong>104 km<\/strong> long, flows through Figeac and offers an <strong>exceptional leisure environment<\/strong>, between cliffs, forests and natural beaches. In the off-season, the river also becomes a haven for <strong>fishing<\/strong> enthusiasts and <strong>canoeists<\/strong>, discovering the valley&#8217;s wild landscapes.   <\/p>\n<\/div>\n<\/div>\n<\/div>\n<\/div><\/div>\n<\/section>\n\n<section class=\"wp-block-group section-services page-two has-custom-color-5-background-color has-background is-layout-flow wp-block-group-is-layout-flow\" style=\"border-top-left-radius:50px;border-top-right-radius:50px;padding-top:var(--wp--preset--spacing--50);padding-bottom:var(--wp--preset--spacing--60)\">\n<div class=\"wp-block-columns alignwide is-layout-flex wp-container-core-columns-is-layout-beebde9b wp-block-columns-is-layout-flex\" style=\"border-radius:0px;margin-top:0px;margin-right:0px;margin-bottom:0px;margin-left:0px;padding-top:0px;padding-right:0px;padding-bottom:0px;padding-left:0px\">\n<div class=\"wp-block-column is-vertically-aligned-center left is-layout-flow wp-block-column-is-layout-flow\" style=\"flex-basis:50%\">\n<div data-swiper=\"{&quot;speed&quot;:1000,&quot;autoplay&quot;:{&quot;delay&quot;:5000,&quot;disableOnInteraction&quot;:false},&quot;spaceBetween&quot;:0,&quot;slidesPerView&quot;:1,&quot;pagination&quot;:{&quot;el&quot;:&quot;.swiper-pagination&quot;,&quot;dynamicBullets&quot;:true,&quot;clickable&quot;:true,&quot;type&quot;:&quot;bullets&quot;},&quot;navigation&quot;:{&quot;nextEl&quot;:&quot;.swiper-button-next&quot;,&quot;prevEl&quot;:&quot;.swiper-button-prev&quot;},&quot;breakpoints&quot;:[{&quot;slidesPerView&quot;:1}]}\" class=\"wp-block-cover alignwide has-custom-content-position is-position-top-center blob-image\" style=\"border-top-right-radius:25px;border-bottom-right-radius:25px;min-height:850px;aspect-ratio:unset;\"><img loading=\"lazy\" decoding=\"async\" width=\"1323\" height=\"1423\" class=\"wp-block-cover__image-background wp-image-306 size-full\" alt=\"cano\u00eb kayak cele\" src=\"http:\/\/www.lesbergesducele.com\/wp-content\/uploads\/sites\/3\/2025\/07\/canoe-kayak-cele-e1753350329335.jpg\" data-object-fit=\"cover\" srcset=\"https:\/\/www.lesbergesducele.com\/wp-content\/uploads\/sites\/3\/2025\/07\/canoe-kayak-cele-e1753350329335.jpg 1323w, https:\/\/www.lesbergesducele.com\/wp-content\/uploads\/sites\/3\/2025\/07\/canoe-kayak-cele-e1753350329335-279x300.jpg 279w, https:\/\/www.lesbergesducele.com\/wp-content\/uploads\/sites\/3\/2025\/07\/canoe-kayak-cele-e1753350329335-952x1024.jpg 952w, https:\/\/www.lesbergesducele.com\/wp-content\/uploads\/sites\/3\/2025\/07\/canoe-kayak-cele-e1753350329335-768x826.jpg 768w\" sizes=\"auto, (max-width: 1323px) 100vw, 1323px\" \/><span aria-hidden=\"true\" class=\"wp-block-cover__background has-background-dim-0 has-background-dim\" style=\"background-color:#6b6b50\"><\/span><div class=\"wp-block-cover__inner-container is-layout-flow wp-block-cover-is-layout-flow\">\n<p class=\"has-text-align-center has-large-font-size\"><\/p>\n<\/div><\/div>\n<\/div>\n\n\n\n<div class=\"wp-block-column is-vertically-aligned-center is-layout-flow wp-block-column-is-layout-flow\" style=\"padding-right:var(--wp--preset--spacing--60);padding-left:var(--wp--preset--spacing--50);flex-basis:50%\">\n<div class=\"wp-block-group is-layout-flow wp-block-group-is-layout-flow\" style=\"margin-top:0px;margin-right:0px;margin-bottom:0px;margin-left:0px\">\n<h2 class=\"wp-block-heading has-text-align-left has-minison-font-family has-text-color\" style=\"color:rgba(252,245,239,1);margin-top:0px;margin-right:0px;margin-bottom:40px;margin-left:0px;font-size:clamp(34.624px, 2.164rem + ((1vw - 3.2px) * 2.283), 62.7px);font-style:normal;font-weight:400;line-height:1.1\">Water sports in the river beside the campsite<\/h2>\n\n\n\n<h3 class=\"wp-block-heading has-custom-color-6-color has-text-color has-link-color wp-elements-c0c16374b8aa894a73b3706f715e0049\" style=\"margin-bottom:var(--wp--preset--spacing--10)\">A refreshing swim in the C\u00e9l\u00e9 river<\/h3>\n<\/div>\n\n\n\n<div class=\"wp-block-group group-paragraph is-layout-flow wp-block-group-is-layout-flow\" style=\"margin-top:0px;margin-right:0px;margin-bottom:0px;margin-left:0px\">\n<p class=\"has-text-align-left has-custom-color-6-color has-text-color has-link-color wp-elements-ce7ec85bdff22884597a67ef9425f2c6\">The calm, accessible river is perfect for a refreshing, <strong>natural swim<\/strong>. A real plus for enjoying the sunny days without the crowds of tourist beaches, in a 100% natural setting. <\/p>\n\n\n\n<h3 class=\"wp-block-heading has-custom-color-6-color has-text-color has-link-color wp-elements-0db4d82ef4835c6d60ad13812daba5f2\">Ideal campsite for fishing near Figeac<\/h3>\n\n\n\n<p class=\"has-custom-color-6-color has-text-color has-link-color wp-elements-0504e450cec2673dd209217764dc74ef\">The <strong>peaceful waters of<\/strong> the C\u00e9l\u00e9 will delight <strong>fishing enthusiasts<\/strong>. You can fish for trout or gudgeon just a few steps from your tent or mobile home. An ideal setting for a stay in tune with nature.  <\/p>\n\n\n\n<h3 class=\"wp-block-heading has-custom-color-6-color has-text-color has-link-color wp-elements-7af4e6a20316d970c350011fb4189fac\">Canoe and kayak on the lake<\/h3>\n\n\n\n<p class=\"has-custom-color-6-color has-text-color has-link-color wp-elements-3654846cfeb2ddd2da2808a5bf13966a\">In low season, the C\u00e9l\u00e9 becomes a superb playground for <strong>gentle water sports<\/strong> like <strong>canoeing and kayaking<\/strong>. It&#8217;s a great way to explore the river in a different way, with the whole family or on your own. <\/p>\n<\/div>\n<\/div>\n<\/div>\n<\/section>\n\n<section class=\"wp-block-group section-services page-two reverse has-custom-color-6-background-color has-background is-layout-flow wp-block-group-is-layout-flow\" style=\"border-top-left-radius:50px;border-top-right-radius:50px;padding-top:var(--wp--preset--spacing--50);padding-bottom:var(--wp--preset--spacing--60)\">\n<div class=\"wp-block-columns alignwide is-layout-flex wp-container-core-columns-is-layout-beebde9b wp-block-columns-is-layout-flex\" style=\"border-radius:0px;margin-top:0px;margin-right:0px;margin-bottom:0px;margin-left:0px;padding-top:0px;padding-right:0px;padding-bottom:0px;padding-left:0px\">\n<div class=\"wp-block-column is-vertically-aligned-center is-layout-flow wp-block-column-is-layout-flow\" style=\"padding-right:var(--wp--preset--spacing--60);padding-left:var(--wp--preset--spacing--50);flex-basis:50%\">\n<div class=\"wp-block-group is-layout-flow wp-block-group-is-layout-flow\" style=\"margin-top:0px;margin-right:0px;margin-bottom:0px;margin-left:0px\">\n<h2 class=\"wp-block-heading has-text-align-left has-minison-font-family has-custom-color-1-color has-text-color\" style=\"margin-top:0px;margin-right:0px;margin-bottom:40px;margin-left:0px;font-size:clamp(34.624px, 2.164rem + ((1vw - 3.2px) * 2.283), 62.7px);font-style:normal;font-weight:400;line-height:1.1\">Our river-view accommodation in the Lot<\/h2>\n<\/div>\n\n\n\n<div class=\"wp-block-group group-paragraph is-layout-flow wp-block-group-is-layout-flow\" style=\"margin-top:0px;margin-right:0px;margin-bottom:0px;margin-left:0px\">\n<p class=\"has-text-align-left has-text-color has-outreque-light-font-family\" style=\"color:rgba(98,91,113,1);margin-top:0px;margin-right:0px;margin-bottom:0px;margin-left:0px;font-size:clamp(14px, 0.875rem + ((1vw - 3.2px) * 0.244), 17px);font-style:normal;font-weight:300;line-height:1.9\">Some of our accommodations offer an <strong>unobstructed view of the river<\/strong>, like our <a href=\"https:\/\/www.lesbergesducele.com\/en\/pitch-rental-bagnac-sur-cele\/#emplacements\" data-type=\"page\" data-id=\"35\">river-view pitches near Figeac<\/a>, where you can enjoy this peaceful setting from morning until sunset.<\/p>\n\n\n\n<p class=\"has-text-align-left has-text-color has-outreque-light-font-family\" style=\"color:rgba(98,91,113,1);margin-top:0px;margin-right:0px;margin-bottom:0px;margin-left:0px;font-size:clamp(14px, 0.875rem + ((1vw - 3.2px) * 0.244), 17px);font-style:normal;font-weight:300;line-height:1.9\">Whether you choose a mobile home or an unusual tent, you&#8217;ll be staying at a <strong>riverside campsite in the Lot<\/strong> where every moment is an invitation to disconnect.<\/p>\n<\/div>\n<\/div>\n\n\n\n<div class=\"wp-block-column is-vertically-aligned-center left is-layout-flow wp-block-column-is-layout-flow\" style=\"flex-basis:50%\">\n<div data-swiper=\"{&quot;speed&quot;:1000,&quot;autoplay&quot;:{&quot;delay&quot;:5000,&quot;disableOnInteraction&quot;:false},&quot;spaceBetween&quot;:0,&quot;slidesPerView&quot;:1,&quot;pagination&quot;:{&quot;el&quot;:&quot;.swiper-pagination&quot;,&quot;dynamicBullets&quot;:true,&quot;clickable&quot;:true,&quot;type&quot;:&quot;bullets&quot;},&quot;navigation&quot;:{&quot;nextEl&quot;:&quot;.swiper-button-next&quot;,&quot;prevEl&quot;:&quot;.swiper-button-prev&quot;},&quot;breakpoints&quot;:[{&quot;slidesPerView&quot;:1}]}\" class=\"wp-block-cover alignwide has-custom-content-position is-position-top-center blob-image\" style=\"border-top-left-radius:50px;border-top-right-radius:0px;border-bottom-left-radius:50px;border-bottom-right-radius:0px;min-height:850px;aspect-ratio:unset;\"><img loading=\"lazy\" decoding=\"async\" width=\"936\" height=\"850\" class=\"wp-block-cover__image-background wp-image-311 size-full\" alt=\"h\u00e9bergements cele\" src=\"https:\/\/www.lesbergesducele.com\/wp-content\/uploads\/sites\/3\/2025\/07\/hebergements-cele.jpg\" data-object-fit=\"cover\" srcset=\"https:\/\/www.lesbergesducele.com\/wp-content\/uploads\/sites\/3\/2025\/07\/hebergements-cele.jpg 936w, https:\/\/www.lesbergesducele.com\/wp-content\/uploads\/sites\/3\/2025\/07\/hebergements-cele-300x272.jpg 300w, https:\/\/www.lesbergesducele.com\/wp-content\/uploads\/sites\/3\/2025\/07\/hebergements-cele-768x697.jpg 768w\" sizes=\"auto, (max-width: 936px) 100vw, 936px\" \/><span aria-hidden=\"true\" class=\"wp-block-cover__background has-background-dim-0 has-background-dim\" style=\"background-color:#84806d\"><\/span><div class=\"wp-block-cover__inner-container is-layout-flow wp-block-cover-is-layout-flow\">\n<p class=\"has-text-align-center has-large-font-size\"><\/p>\n<\/div><\/div>\n<\/div>\n<\/div>\n<\/section>\n\n<section class=\"wp-block-group page-maillage has-global-padding is-layout-constrained wp-block-group-is-layout-constrained\" style=\"padding-bottom:10rem\">\n<p class=\"has-text-align-center title-maillage-block has-custom-color-1-color has-text-color has-link-color has-minison-font-family wp-elements-675631639636d0ea6d8f9f37904b37e9\" style=\"font-size:clamp(26.465px, 1.654rem + ((1vw - 3.2px) * 1.507), 45px);\">Discover our swimming pool, entertainment and rentals<\/p>\n\n\n\n<div data-wp-context=\"{}\" data-wp-interactive=\"core\/query\" data-wp-key=\"0\" data-wp-router-region=\"query-0\" class=\"wp-block-query alignwide gt-fse-maillage-query is-layout-flow wp-block-query-is-layout-flow\"><ul class=\"columns-3 wp-block-post-template is-layout-grid wp-container-core-post-template-is-layout-6d3fbd8f wp-block-post-template-is-layout-grid\"><li data-wp-key=\"post-template-item-1360\" class=\"wp-block-post post-1360 page type-page status-publish has-post-thumbnail hentry\">\n\n<figure class=\"wp-block-image\"><img decoding=\"async\" src=\"http:\/\/www.lesbergesducele.com\/wp-content\/uploads\/sites\/3\/2025\/07\/animations-du-camping.jpg\" alt=\"campsite entertainment\" style=\"aspect-ratio:1;object-fit:cover\"\/><\/figure>\n\n\n<p class=\"has-text-align-center has-custom-color-1-color has-text-color has-link-color has-minison-font-family has-large-font-size wp-elements-0f2f808560b7ba6d35944e6d7c0d92b2\">Entertainment<\/p>\n\n<a class=\"is-style-lien-cover wp-block-read-more\" href=\"https:\/\/www.lesbergesducele.com\/en\/camping-activities-bagnac-sur-cele\/\" target=\"_self\">Read more<span class=\"screen-reader-text\">: Entertainment<\/span><\/a>\n<\/li><li data-wp-key=\"post-template-item-1402\" class=\"wp-block-post post-1402 page type-page status-publish has-post-thumbnail hentry\">\n\n<figure class=\"wp-block-image\"><img decoding=\"async\" src=\"https:\/\/www.lesbergesducele.com\/wp-content\/uploads\/sites\/3\/2025\/07\/piscine-camping.jpg\" alt=\"child in the pool\" style=\"aspect-ratio:1;object-fit:cover\"\/><\/figure>\n\n\n<p class=\"has-text-align-center has-custom-color-1-color has-text-color has-link-color has-minison-font-family has-large-font-size wp-elements-0f2f808560b7ba6d35944e6d7c0d92b2\">Swimming pool<\/p>\n\n<a class=\"is-style-lien-cover wp-block-read-more\" href=\"https:\/\/www.lesbergesducele.com\/en\/camping-outdoor-pool-bagnac-sur-cele\/\" target=\"_self\">Read more<span class=\"screen-reader-text\">: The swimming pool<\/span><\/a>\n<\/li><li data-wp-key=\"post-template-item-1404\" class=\"wp-block-post post-1404 page type-page status-publish has-post-thumbnail hentry\">\n\n<figure class=\"wp-block-image\"><img decoding=\"async\" src=\"https:\/\/www.lesbergesducele.com\/wp-content\/uploads\/sites\/3\/2025\/07\/mobil-home-camping-les-berges-du-cele.jpg\" alt=\"mobil home camping les berg\u00e9s du c\u00e9l\u00e9\" style=\"aspect-ratio:1;object-fit:cover\"\/><\/figure>\n\n\n<p class=\"has-text-align-center has-custom-color-1-color has-text-color has-link-color has-minison-font-family has-large-font-size wp-elements-0f2f808560b7ba6d35944e6d7c0d92b2\">Rentals<\/p>\n\n<a class=\"is-style-lien-cover wp-block-read-more\" href=\"https:\/\/www.lesbergesducele.com\/en\/mobile-home-rental-bagnac-sur-cele\/\" target=\"_self\">Read more<span class=\"screen-reader-text\">: Rentals<\/span><\/a>\n<\/li><\/ul><\/div>\n<\/section>\n","protected":false},"excerpt":{"rendered":"<p>River-side camping in the Lot Les Berges du C\u00e9l\u00e9 campsite is first and foremost a privileged location for lovers of nature and fresh air. Located on the banks of a river in the Lot department, it benefits from direct access to the C\u00e9l\u00e9, a peaceful river renowned for the quality of its water. Here, there&#8217;s [&hellip;]<\/p>\n","protected":false},"author":1,"featured_media":293,"parent":0,"menu_order":0,"comment_status":"closed","ping_status":"closed","template":"","meta":{"_acf_changed":false,"_seopress_robots_primary_cat":"","_seopress_titles_title":"Riverside campsite in the Lot, near Figeac (46)","_seopress_titles_desc":"Green vacations near Figeac in an exceptional natural setting on the banks of the C\u00e9l\u00e9. Enjoy direct access to quality water for relaxation. ","_seopress_robots_index":"","_gt_ctv_global_id":"955","_gt_ctv_id_group":false,"inline_featured_image":false,"gt_fse_maillage_image":"https:\/\/www.lesbergesducele.com\/wp-content\/uploads\/sites\/3\/2025\/07\/cele.jpg","gt_fse_maillage_titre":"Riverside","gt_fse_maillage_alt":"river cele","gt_fse_maillage_resume":"","footnotes":""},"categories":[],"tags":[],"class_list":["post-1400","page","type-page","status-publish","has-post-thumbnail","hentry"],"acf":[],"_links":{"self":[{"href":"https:\/\/www.lesbergesducele.com\/en\/wp-json\/wp\/v2\/pages\/1400","targetHints":{"allow":["GET"]}}],"collection":[{"href":"https:\/\/www.lesbergesducele.com\/en\/wp-json\/wp\/v2\/pages"}],"about":[{"href":"https:\/\/www.lesbergesducele.com\/en\/wp-json\/wp\/v2\/types\/page"}],"author":[{"embeddable":true,"href":"https:\/\/www.lesbergesducele.com\/en\/wp-json\/wp\/v2\/users\/1"}],"replies":[{"embeddable":true,"href":"https:\/\/www.lesbergesducele.com\/en\/wp-json\/wp\/v2\/comments?post=1400"}],"version-history":[{"count":2,"href":"https:\/\/www.lesbergesducele.com\/en\/wp-json\/wp\/v2\/pages\/1400\/revisions"}],"predecessor-version":[{"id":1533,"href":"https:\/\/www.lesbergesducele.com\/en\/wp-json\/wp\/v2\/pages\/1400\/revisions\/1533"}],"wp:featuredmedia":[{"embeddable":true,"href":"https:\/\/www.lesbergesducele.com\/en\/wp-json\/wp\/v2\/media\/293"}],"wp:attachment":[{"href":"https:\/\/www.lesbergesducele.com\/en\/wp-json\/wp\/v2\/media?parent=1400"}],"wp:term":[{"taxonomy":"category","embeddable":true,"href":"https:\/\/www.lesbergesducele.com\/en\/wp-json\/wp\/v2\/categories?post=1400"},{"taxonomy":"post_tag","embeddable":true,"href":"https:\/\/www.lesbergesducele.com\/en\/wp-json\/wp\/v2\/tags?post=1400"}],"curies":[{"name":"wp","href":"https:\/\/api.w.org\/{rel}","templated":true}]}}